{"id":542,"date":"2020-09-17T13:30:06","date_gmt":"2020-09-17T11:30:06","guid":{"rendered":"http:\/\/tlykyfb.cluster023.hosting.ovh.net\/?page_id=542"},"modified":"2020-09-30T16:31:32","modified_gmt":"2020-09-30T14:31:32","slug":"activites","status":"publish","type":"page","link":"http:\/\/tlykyfb.cluster023.hosting.ovh.net\/index.php\/activites\/","title":{"rendered":"activit\u00e9s"},"content":{"rendered":"<div data-colibri-id=\"542-c1\" class=\"style-942 style-local-542-c1 position-relative\">\n  <!---->\n  <div data-colibri-component=\"section\" data-colibri-id=\"542-c2\" id=\"portfolio\" class=\"h-section h-section-global-spacing d-flex align-items-lg-center align-items-md-center align-items-center style-1105 style-local-542-c2 position-relative\">\n    <!---->\n    <!---->\n    <div class=\"h-section-grid-container h-section-boxed-container\">\n      <div data-colibri-id=\"542-c41\" class=\"h-row-container gutters-row-lg-2 gutters-row-md-2 gutters-row-2 gutters-row-v-lg-2 gutters-row-v-md-2 gutters-row-v-2 style-1130 style-local-542-c41 position-relative\">\n        <!---->\n        <div class=\"h-row justify-content-lg-center justify-content-md-center justify-content-center align-items-lg-stretch align-items-md-stretch align-items-stretch gutters-col-lg-2 gutters-col-md-2 gutters-col-2 gutters-col-v-lg-2 gutters-col-v-md-2 gutters-col-v-2\">\n          <!---->\n          <div class=\"h-column h-column-container d-flex h-col-lg-auto h-col-md-auto h-col-auto style-1131-outer style-local-542-c42-outer\">\n            <div data-colibri-id=\"542-c42\" class=\"d-flex h-flex-basis h-column__inner h-px-lg-2 h-px-md-2 h-px-2 v-inner-lg-2 v-inner-md-2 v-inner-2 style-1131 style-local-542-c42 position-relative\">\n              <!---->\n              <!---->\n              <div class=\"w-100 h-y-container h-column__content h-column__v-align flex-basis-100 align-self-lg-start align-self-md-start align-self-start\">\n                <!---->\n                <div data-colibri-id=\"542-c43\" class=\"h-global-transition-all h-heading style-1132 style-local-542-c43 position-relative h-element\">\n                  <!---->\n                  <div class=\"h-heading__outer style-1132 style-local-542-c43\">\n                    <!---->\n                    <!---->\n                    <h2 class=\"\">Nos R\u00e9alisations<\/h2>\n                  <\/div>\n                <\/div>\n                <div data-colibri-id=\"542-c44\" class=\"h-lead h-text h-text-component style-1133 style-local-542-c44 position-relative h-element\">\n                  <!---->\n                  <!---->\n                  <div class=\"\">\n                    <p><span style=\"font-family: &quot;Marcellus SC&quot;; font-weight: 400;\">Depuis 2017 nous avons r\u00e9alis\u00e9 plus de 30 Logements, particip\u00e9 \u00e0 4 tours de table, <br>et nous sommes \u00e0 ce jour engag\u00e9 dans 5 op\u00e9rations, en r\u00e9gion Lyonnaise,&nbsp;<br>Parisienne, et en Belgique.<\/span>\n                      <span\n                        style=\"font-family: &quot;Marcellus SC&quot;;\">\n                        <br>\n                        <\/span>\n                        <br>\n                    <\/p>\n                  <\/div>\n                <\/div>\n              <\/div>\n            <\/div>\n          <\/div>\n        <\/div>\n      <\/div>\n      <div data-colibri-id=\"542-c3\" class=\"h-row-container gutters-row-lg-2 gutters-row-md-2 gutters-row-2 gutters-row-v-lg-2 gutters-row-v-md-2 gutters-row-v-2 style-1106 style-local-542-c3 position-relative\">\n        <!---->\n        <div class=\"h-row justify-content-lg-center justify-content-md-center justify-content-center align-items-lg-stretch align-items-md-stretch align-items-stretch gutters-col-lg-2 gutters-col-md-2 gutters-col-2 gutters-col-v-lg-2 gutters-col-v-md-2 gutters-col-v-2\">\n          <!---->\n          <div class=\"h-column h-column-container d-flex h-col-lg-4 h-col-md-6 h-col-12 style-1107-outer style-local-542-c4-outer\">\n            <div data-colibri-id=\"542-c4\" class=\"d-flex h-flex-basis h-column__inner h-px-lg-0 h-px-md-0 h-px-0 v-inner-lg-0 v-inner-md-0 v-inner-0 style-1107 style-local-542-c4 position-relative\">\n              <!---->\n              <!---->\n              <div class=\"w-100 h-y-container h-column__content h-column__v-align flex-basis-100 align-self-lg-start align-self-md-start align-self-start\">\n                <!---->\n                <div data-colibri-id=\"542-c5\" class=\"h-row-container gutters-row-lg-0 gutters-row-md-0 gutters-row-0 gutters-row-v-lg-0 gutters-row-v-md-0 gutters-row-v-0 style-1108 style-local-542-c5 position-relative\">\n                  <!---->\n                  <div class=\"h-row justify-content-lg-center justify-content-md-center justify-content-center align-items-lg-stretch align-items-md-stretch align-items-stretch gutters-col-lg-0 gutters-col-md-0 gutters-col-0 gutters-col-v-lg-0 gutters-col-v-md-0 gutters-col-v-0\">\n                    <!---->\n                    <div class=\"h-column h-column-container d-flex h-col-lg-auto h-col-md-auto h-col-auto style-1109-outer style-local-542-c6-outer\">\n                      <div data-colibri-id=\"542-c6\" class=\"d-flex h-flex-basis h-column__inner h-px-lg-0 h-px-md-0 h-px-0 v-inner-lg-0 v-inner-md-0 v-inner-0 style-1109 style-local-542-c6 position-relative\">\n                        <!---->\n                        <!---->\n                        <div class=\"w-100 h-y-container h-column__content h-column__v-align flex-basis-100 align-self-lg-start align-self-md-start align-self-start\">\n                          <!---->\n                          <div data-colibri-component=\"content-swap\" data-colibri-id=\"542-c7\" class=\"content-swap style-1110 style-local-542-c7 position-relative h-element\">\n                            <!---->\n                            <div class=\"d-flex position-relative border-radius-inherit h-content-swap__overflow\">\n                              <div data-normal=\"\" data-colibri-id=\"542-c8\" class=\"h-content-swap__normal d-flex border-radius-inherit h-ui-empty-state-container hide-animation style-1111 style-local-542-c8 position-relative\">\n                                <!---->\n                                <div class=\"w-100 h-y-container\">\n                                  <!---->\n                                <\/div>\n                              <\/div>\n                              <div data-hover=\"\" data-colibri-component=\"link\" data-href=\"\" data-colibri-id=\"542-c9\" class=\"h-content-swap-hover-container animated h-content-swap__hover d-flex border-radius-inherit fadeIn justify-content-lg-center justify-content-md-center justify-content-center style-1112 style-local-542-c9 position-relative\"\n                                style=\"display: none;\">\n                                <!---->\n                                <div class=\"w-100 h-y-container align-self-lg-center align-self-md-center align-self-center\">\n                                  <!---->\n                                  <div data-colibri-id=\"542-c10\" class=\"h-x-container style-1113 style-local-542-c10 position-relative h-element\">\n                                    <!---->\n                                    <div class=\"h-x-container-inner style-dynamic-542-c10-group style-1113-spacing style-local-542-c10-spacing\"><span class=\"h-button__outer style-1114-outer style-local-542-c11-outer d-inline-flex h-element\"><a h-use-smooth-scroll=\"true\" href=\"\"  data-colibri-id=\"542-c11\" class=\"d-flex w-100 align-items-center h-button justify-content-lg-center justify-content-md-center justify-content-center style-1114 style-local-542-c11 position-relative\"><!----><!----> <span>read more<\/span><\/a>\n                                      <\/span>\n                                    <\/div>\n                                  <\/div>\n                                <\/div>\n                              <\/div>\n                            <\/div>\n                          <\/div>\n                        <\/div>\n                      <\/div>\n                    <\/div>\n                    <div class=\"h-column h-column-container d-flex h-col-lg-auto h-col-md-auto h-col-auto style-1115-outer style-local-542-c12-outer\">\n                      <div data-colibri-id=\"542-c12\" class=\"d-flex h-flex-basis h-column__inner h-px-lg-3 h-px-md-3 h-px-3 v-inner-lg-3 v-inner-md-3 v-inner-3 style-1115 style-local-542-c12 position-relative\">\n                        <!---->\n                        <!---->\n                        <div class=\"w-100 h-y-container h-column__content h-column__v-align flex-basis-100 align-self-lg-start align-self-md-start align-self-start\">\n                          <!---->\n                          <div data-colibri-id=\"542-c13\" class=\"h-global-transition-all h-heading style-1116 style-local-542-c13 position-relative h-element\">\n                            <!---->\n                            <div class=\"h-heading__outer style-1116 style-local-542-c13\">\n                              <!---->\n                              <!---->\n                              <h5 class=\"\"><span style=\"font-family: &quot;Marcellus SC&quot;;\">Chessy<\/span><\/h5>\n                            <\/div>\n                          <\/div>\n                          <div data-colibri-id=\"542-c14\" class=\"h-text h-text-component style-1117 style-local-542-c14 position-relative h-element\">\n                            <!---->\n                            <!---->\n                            <div class=\"\">\n                              <p><span style=\"font-family: &quot;Marcellus SC&quot;;\">La premi\u00e8re tranche de&nbsp;la&nbsp;<\/span><\/p>\n                              <p><span style=\"font-family: &quot;Marcellus SC&quot;;\">r\u00e9habilitation vient d&#8217;\u00eatre livr\u00e9e.<\/span><\/p>\n                              <p><span style=\"font-family: &quot;Marcellus SC&quot;;\">&nbsp;apr\u00e8s 8 mois de chantier.<\/span><\/p>\n                              <p><span style=\"font-family: &quot;Marcellus SC&quot;;\">Enveloppe globale 760 000 \u20ac<\/span><\/p>\n                            <\/div>\n                          <\/div>\n                        <\/div>\n                      <\/div>\n                    <\/div>\n                  <\/div>\n                <\/div>\n              <\/div>\n            <\/div>\n          <\/div>\n          <div class=\"h-column h-column-container d-flex h-col-lg-4 h-col-md-6 h-col-12 style-1107-outer style-local-542-c15-outer\">\n            <div data-colibri-id=\"542-c15\" class=\"d-flex h-flex-basis h-column__inner h-px-lg-0 h-px-md-0 h-px-0 v-inner-lg-0 v-inner-md-0 v-inner-0 style-1107 style-local-542-c15 position-relative\">\n              <!---->\n              <!---->\n              <div class=\"w-100 h-y-container h-column__content h-column__v-align flex-basis-100 align-self-lg-start align-self-md-start align-self-start\">\n                <!---->\n                <div data-colibri-id=\"542-c16\" class=\"h-row-container gutters-row-lg-0 gutters-row-md-0 gutters-row-0 gutters-row-v-lg-0 gutters-row-v-md-0 gutters-row-v-0 style-1108 style-local-542-c16 position-relative\">\n                  <!---->\n                  <div class=\"h-row justify-content-lg-center justify-content-md-center justify-content-center align-items-lg-stretch align-items-md-stretch align-items-stretch gutters-col-lg-0 gutters-col-md-0 gutters-col-0 gutters-col-v-lg-0 gutters-col-v-md-0 gutters-col-v-0\">\n                    <!---->\n                    <div class=\"h-column h-column-container d-flex h-col-lg-auto h-col-md-auto h-col-auto style-1118-outer style-local-542-c17-outer\">\n                      <div data-colibri-id=\"542-c17\" class=\"d-flex h-flex-basis h-column__inner h-px-lg-0 h-px-md-0 h-px-0 v-inner-lg-0 v-inner-md-0 v-inner-0 style-1118 style-local-542-c17 position-relative\">\n                        <!---->\n                        <!---->\n                        <div class=\"w-100 h-y-container h-column__content h-column__v-align flex-basis-100 align-self-lg-start align-self-md-start align-self-start\">\n                          <!---->\n                          <div data-colibri-component=\"content-swap\" data-colibri-id=\"542-c18\" class=\"content-swap style-1119 style-local-542-c18 position-relative h-element\">\n                            <!---->\n                            <div class=\"d-flex position-relative border-radius-inherit h-content-swap__overflow\">\n                              <div data-normal=\"\" data-colibri-id=\"542-c19\" class=\"h-content-swap__normal d-flex border-radius-inherit h-ui-empty-state-container hide-animation style-1120 style-local-542-c19 position-relative\">\n                                <!---->\n                                <div class=\"w-100 h-y-container\">\n                                  <!---->\n                                <\/div>\n                              <\/div>\n                              <div data-hover=\"\" data-colibri-component=\"link\" data-href=\"\" data-colibri-id=\"542-c20\" class=\"h-content-swap-hover-container animated h-content-swap__hover d-flex border-radius-inherit fadeIn justify-content-lg-center justify-content-md-center justify-content-center style-1121 style-local-542-c20 position-relative\"\n                                style=\"display: none;\">\n                                <!---->\n                                <div class=\"w-100 h-y-container align-self-lg-center align-self-md-center align-self-center\">\n                                  <!---->\n                                  <div data-colibri-id=\"542-c21\" class=\"h-x-container style-1113 style-local-542-c21 position-relative h-element\">\n                                    <!---->\n                                    <div class=\"h-x-container-inner style-dynamic-542-c21-group style-1113-spacing style-local-542-c21-spacing\"><span class=\"h-button__outer style-1114-outer style-local-542-c22-outer d-inline-flex h-element\"><a h-use-smooth-scroll=\"true\" href=\"\"  data-colibri-id=\"542-c22\" class=\"d-flex w-100 align-items-center h-button justify-content-lg-center justify-content-md-center justify-content-center style-1114 style-local-542-c22 position-relative\"><!----><!----> <span>read more<\/span><\/a>\n                                      <\/span>\n                                    <\/div>\n                                  <\/div>\n                                <\/div>\n                              <\/div>\n                            <\/div>\n                          <\/div>\n                        <\/div>\n                      <\/div>\n                    <\/div>\n                    <div class=\"h-column h-column-container d-flex h-col-lg-auto h-col-md-auto h-col-auto style-1115-outer style-local-542-c23-outer\">\n                      <div data-colibri-id=\"542-c23\" class=\"d-flex h-flex-basis h-column__inner h-px-lg-3 h-px-md-3 h-px-3 v-inner-lg-3 v-inner-md-3 v-inner-3 style-1115 style-local-542-c23 position-relative\">\n                        <!---->\n                        <!---->\n                        <div class=\"w-100 h-y-container h-column__content h-column__v-align flex-basis-100 align-self-lg-start align-self-md-start align-self-start\">\n                          <!---->\n                          <div data-colibri-id=\"542-c24\" class=\"h-global-transition-all h-heading style-1116 style-local-542-c24 position-relative h-element\">\n                            <!---->\n                            <div class=\"h-heading__outer style-1116 style-local-542-c24\">\n                              <!---->\n                              <!---->\n                              <h5 class=\"\"><span style=\"font-family: &quot;Marcellus SC&quot;;\">Le Bois d&#8217;Oingt<\/span><\/h5>\n                            <\/div>\n                          <\/div>\n                          <div data-colibri-id=\"542-c25\" class=\"h-text h-text-component style-1117 style-local-542-c25 position-relative h-element\">\n                            <!---->\n                            <!---->\n                            <div class=\"\">\n                              <p><span style=\"font-family: &quot;Marcellus SC&quot;;\">Apr\u00e8s en avoir livr\u00e9 une partie&nbsp;<\/span><\/p>\n                              <p><span style=\"font-family: &quot;Marcellus SC&quot;;\">en plateau, notamment pour le nouveau<\/span><\/p>\n                              <p><span style=\"font-family: &quot;Marcellus SC&quot;;\">restaurant du village, 3 appartements&nbsp;<\/span><\/p>\n                              <p><span style=\"font-family: &quot;Marcellus SC&quot;;\">sont en cours de livraison, finis!<\/span><\/p>\n                              <p><span style=\"font-family: &quot;Marcellus SC&quot;;\">Enveloppe globale 585 000 \u20ac<\/span><\/p>\n                            <\/div>\n                          <\/div>\n                        <\/div>\n                      <\/div>\n                    <\/div>\n                  <\/div>\n                <\/div>\n              <\/div>\n            <\/div>\n          <\/div>\n          <div class=\"h-column h-column-container d-flex h-col-lg-4 h-col-md-6 h-col-12 style-1107-outer style-local-542-c26-outer\">\n            <div data-colibri-id=\"542-c26\" class=\"d-flex h-flex-basis h-column__inner h-px-lg-0 h-px-md-0 h-px-0 v-inner-lg-0 v-inner-md-0 v-inner-0 style-1107 style-local-542-c26 position-relative\">\n              <!---->\n              <!---->\n              <div class=\"w-100 h-y-container h-column__content h-column__v-align flex-basis-100 align-self-lg-start align-self-md-start align-self-start\">\n                <!---->\n                <div data-colibri-id=\"542-c27\" class=\"h-row-container gutters-row-lg-0 gutters-row-md-0 gutters-row-0 gutters-row-v-lg-0 gutters-row-v-md-0 gutters-row-v-0 style-1108 style-local-542-c27 position-relative\">\n                  <!---->\n                  <div class=\"h-row justify-content-lg-center justify-content-md-center justify-content-center align-items-lg-stretch align-items-md-stretch align-items-stretch gutters-col-lg-0 gutters-col-md-0 gutters-col-0 gutters-col-v-lg-0 gutters-col-v-md-0 gutters-col-v-0\">\n                    <!---->\n                    <div class=\"h-column h-column-container d-flex h-col-lg-auto h-col-md-auto h-col-auto style-1122-outer style-local-542-c28-outer\">\n                      <div data-colibri-id=\"542-c28\" class=\"d-flex h-flex-basis h-column__inner h-px-lg-0 h-px-md-0 h-px-0 v-inner-lg-0 v-inner-md-0 v-inner-0 style-1122 style-local-542-c28 position-relative\">\n                        <!---->\n                        <!---->\n                        <div class=\"w-100 h-y-container h-column__content h-column__v-align flex-basis-100 align-self-lg-start align-self-md-start align-self-start\">\n                          <!---->\n                          <div data-colibri-component=\"content-swap\" data-colibri-id=\"542-c29\" class=\"content-swap style-1123 style-local-542-c29 position-relative h-element\">\n                            <!---->\n                            <div class=\"d-flex position-relative border-radius-inherit h-content-swap__overflow\">\n                              <div data-normal=\"\" data-colibri-id=\"542-c30\" class=\"h-content-swap__normal d-flex border-radius-inherit h-ui-empty-state-container hide-animation style-1124 style-local-542-c30 position-relative\">\n                                <!---->\n                                <div class=\"w-100 h-y-container\">\n                                  <!---->\n                                <\/div>\n                              <\/div>\n                              <div data-hover=\"\" data-colibri-component=\"link\" data-href=\"\" data-colibri-id=\"542-c31\" class=\"h-content-swap-hover-container animated h-content-swap__hover d-flex border-radius-inherit fadeIn justify-content-lg-center justify-content-md-center justify-content-center style-1125 style-local-542-c31 position-relative\"\n                                style=\"display: none;\">\n                                <!---->\n                                <div class=\"w-100 h-y-container align-self-lg-center align-self-md-center align-self-center\">\n                                  <!---->\n                                  <div data-colibri-id=\"542-c32\" class=\"h-x-container style-1113 style-local-542-c32 position-relative h-element\">\n                                    <!---->\n                                    <div class=\"h-x-container-inner style-dynamic-542-c32-group style-1113-spacing style-local-542-c32-spacing\"><span class=\"h-button__outer style-1114-outer style-local-542-c33-outer d-inline-flex h-element\"><a h-use-smooth-scroll=\"true\" href=\"\"  data-colibri-id=\"542-c33\" class=\"d-flex w-100 align-items-center h-button justify-content-lg-center justify-content-md-center justify-content-center style-1114 style-local-542-c33 position-relative\"><!----><!----> <span>read more<\/span><\/a>\n                                      <\/span>\n                                    <\/div>\n                                  <\/div>\n                                <\/div>\n                              <\/div>\n                            <\/div>\n                          <\/div>\n                        <\/div>\n                      <\/div>\n                    <\/div>\n                    <div class=\"h-column h-column-container d-flex h-col-lg-auto h-col-md-auto h-col-auto style-1115-outer style-local-542-c34-outer\">\n                      <div data-colibri-id=\"542-c34\" class=\"d-flex h-flex-basis h-column__inner h-px-lg-3 h-px-md-3 h-px-3 v-inner-lg-3 v-inner-md-3 v-inner-3 style-1115 style-local-542-c34 position-relative\">\n                        <!---->\n                        <!---->\n                        <div class=\"w-100 h-y-container h-column__content h-column__v-align flex-basis-100 align-self-lg-start align-self-md-start align-self-start\">\n                          <!---->\n                          <div data-colibri-id=\"542-c35\" class=\"h-global-transition-all h-heading style-1116 style-local-542-c35 position-relative h-element\">\n                            <!---->\n                            <div class=\"h-heading__outer style-1116 style-local-542-c35\">\n                              <!---->\n                              <!---->\n                              <h5 class=\"\"><span style=\"font-family: &quot;Marcellus SC&quot;;\">Poissy (78)<\/span><\/h5>\n                            <\/div>\n                          <\/div>\n                          <div data-colibri-id=\"542-c36\" class=\"h-text h-text-component style-1117 style-local-542-c36 position-relative h-element\">\n                            <!---->\n                            <!---->\n                            <div class=\"\">\n                              <p><span style=\"font-family: &quot;Marcellus SC&quot;;\">Un des premier projet de Lugdunum, situ\u00e9 \u00e0 20 minutes de Paris la d\u00e9fense.<\/span><\/p>\n                              <p><span style=\"font-family: &quot;Marcellus SC&quot;;\">Enveloppe globale 820 000 \u20ac<\/span><\/p>\n                            <\/div>\n                          <\/div>\n                        <\/div>\n                      <\/div>\n                    <\/div>\n                  <\/div>\n                <\/div>\n              <\/div>\n            <\/div>\n          <\/div>\n        <\/div>\n      <\/div>\n      <div data-colibri-id=\"542-c37\" class=\"h-row-container gutters-row-lg-2 gutters-row-md-2 gutters-row-0 gutters-row-v-lg-2 gutters-row-v-md-2 gutters-row-v-2 style-1126 style-local-542-c37 position-relative\">\n        <!---->\n        <div class=\"h-row justify-content-lg-center justify-content-md-center justify-content-center align-items-lg-stretch align-items-md-stretch align-items-stretch gutters-col-lg-2 gutters-col-md-2 gutters-col-0 gutters-col-v-lg-2 gutters-col-v-md-2 gutters-col-v-2\">\n          <!---->\n          <div class=\"h-column h-column-container d-flex h-col-lg-auto h-col-md-auto h-col-auto style-1127-outer style-local-542-c38-outer\">\n            <div data-colibri-id=\"542-c38\" class=\"d-flex h-flex-basis h-column__inner h-px-lg-2 h-px-md-2 h-px-2 v-inner-lg-2 v-inner-md-2 v-inner-2 style-1127 style-local-542-c38 position-relative\">\n              <!---->\n              <!---->\n              <div class=\"w-100 h-y-container h-column__content h-column__v-align flex-basis-100 align-self-lg-start align-self-md-start align-self-start\">\n                <!---->\n                <div data-colibri-id=\"542-c39\" class=\"h-x-container style-1128 style-local-542-c39 position-relative h-element\">\n                  <!---->\n                  <div class=\"h-x-container-inner style-dynamic-542-c39-group style-1128-spacing style-local-542-c39-spacing\"><span class=\"h-button__outer style-1129-outer style-local-542-c40-outer d-inline-flex h-element\"><a h-use-smooth-scroll=\"true\" href=\"\"  data-colibri-id=\"542-c40\" class=\"d-flex w-100 align-items-center h-button justify-content-lg-center justify-content-md-center justify-content-center style-1129 style-local-542-c40 position-relative\"><!----><!----> <span>view portfolio<\/span><\/a>\n                    <\/span>\n                  <\/div>\n                <\/div>\n              <\/div>\n            <\/div>\n          <\/div>\n        <\/div>\n      <\/div>\n    <\/div>\n  <\/div>\n<\/div>","protected":false},"excerpt":{"rendered":"<p>Nos R\u00e9alisations Depuis 2017 nous avons r\u00e9alis\u00e9 plus de 30 Logements, particip\u00e9 \u00e0 4 tours de table, et nous sommes \u00e0 ce jour engag\u00e9 dans 5 op\u00e9rations, en r\u00e9gion Lyonnaise,&nbsp;Parisienne, et en Belgique. read more Chessy La premi\u00e8re tranche de&nbsp;la&nbsp; r\u00e9habilitation vient d&#8217;\u00eatre livr\u00e9e. &nbsp;apr\u00e8s 8 mois de chantier. Enveloppe globale 760 000 \u20ac read [&hellip;]<\/p>\n","protected":false},"author":1,"featured_media":0,"parent":0,"menu_order":0,"comment_status":"closed","ping_status":"closed","template":"page-templates\/homepage.php","meta":{"spay_email":""},"_links":{"self":[{"href":"http:\/\/tlykyfb.cluster023.hosting.ovh.net\/index.php\/wp-json\/wp\/v2\/pages\/542"}],"collection":[{"href":"http:\/\/tlykyfb.cluster023.hosting.ovh.net\/index.php\/wp-json\/wp\/v2\/pages"}],"about":[{"href":"http:\/\/tlykyfb.cluster023.hosting.ovh.net\/index.php\/wp-json\/wp\/v2\/types\/page"}],"author":[{"embeddable":true,"href":"http:\/\/tlykyfb.cluster023.hosting.ovh.net\/index.php\/wp-json\/wp\/v2\/users\/1"}],"replies":[{"embeddable":true,"href":"http:\/\/tlykyfb.cluster023.hosting.ovh.net\/index.php\/wp-json\/wp\/v2\/comments?post=542"}],"version-history":[{"count":7,"href":"http:\/\/tlykyfb.cluster023.hosting.ovh.net\/index.php\/wp-json\/wp\/v2\/pages\/542\/revisions"}],"predecessor-version":[{"id":703,"href":"http:\/\/tlykyfb.cluster023.hosting.ovh.net\/index.php\/wp-json\/wp\/v2\/pages\/542\/revisions\/703"}],"wp:attachment":[{"href":"http:\/\/tlykyfb.cluster023.hosting.ovh.net\/index.php\/wp-json\/wp\/v2\/media?parent=542"}],"curies":[{"name":"wp","href":"https:\/\/api.w.org\/{rel}","templated":true}]}}