{"id":495,"date":"2020-09-11T16:37:10","date_gmt":"2020-09-11T14:37:10","guid":{"rendered":"http:\/\/tlykyfb.cluster023.hosting.ovh.net\/?page_id=495"},"modified":"2020-09-17T16:25:15","modified_gmt":"2020-09-17T14:25:15","slug":"col-invest","status":"publish","type":"page","link":"http:\/\/tlykyfb.cluster023.hosting.ovh.net\/index.php\/col-invest\/","title":{"rendered":"Col Invest"},"content":{"rendered":"<div data-colibri-id=\"495-c1\" class=\"style-826 style-local-495-c1 position-relative\">\n  <!---->\n  <div data-colibri-component=\"section\" data-colibri-id=\"495-c62\" id=\"about-2\" class=\"h-section h-section-global-spacing d-flex align-items-lg-center align-items-md-center align-items-end style-1051 style-local-495-c62 h-overflow-hidden position-relative\">\n    <div class=\"background-wrapper\">\n      <div class=\"background-layer background-layer-media-container-lg\">\n        <!---->\n        <div class=\"overlay-layer\">\n          <div class=\"overlay-image-layer\" style=\"background-image: linear-gradient(90deg, rgb(255, 255, 255) 55%, rgba(255, 255, 255, 0.5) 100%);\"><\/div>\n        <\/div>\n      <\/div>\n      <div class=\"background-layer background-layer-media-container-md\">\n        <!---->\n        <div class=\"overlay-layer\">\n          <div class=\"overlay-image-layer\" style=\"background-image: linear-gradient(90deg, rgb(255, 255, 255) 55%, rgba(255, 255, 255, 0.5) 100%);\"><\/div>\n        <\/div>\n      <\/div>\n      <div class=\"background-layer background-layer-media-container\">\n        <!---->\n        <div class=\"overlay-layer\">\n          <div class=\"overlay-image-layer\" style=\"background-image: linear-gradient(90deg, rgb(255, 255, 255) 55%, rgba(255, 255, 255, 0.5) 100%);\"><\/div>\n        <\/div>\n      <\/div>\n    <\/div>\n    <!---->\n    <div class=\"h-section-grid-container h-section-boxed-container\">\n      <!---->\n      <div data-colibri-id=\"495-c63\" class=\"h-row-container gutters-row-lg-0 gutters-row-md-0 gutters-row-2 gutters-row-v-lg-0 gutters-row-v-md-0 gutters-row-v-0 style-1052 style-local-495-c63 position-relative\">\n        <!---->\n        <div class=\"h-row justify-content-lg-start justify-content-md-start justify-content-center align-items-lg-stretch align-items-md-stretch align-items-stretch gutters-col-lg-0 gutters-col-md-0 gutters-col-2 gutters-col-v-lg-0 gutters-col-v-md-0 gutters-col-v-0\">\n          <!---->\n          <div class=\"h-column h-column-container d-flex h-col-lg-auto h-col-md-auto h-col-auto style-1053-outer style-local-495-c64-outer\">\n            <div data-colibri-id=\"495-c64\" class=\"d-flex h-flex-basis h-column__inner h-px-lg-2 h-px-md-2 h-px-0 v-inner-lg-2 v-inner-md-2 v-inner-0 style-1053 style-local-495-c64 position-relative\">\n              <!---->\n              <!---->\n              <div class=\"w-100 h-y-container h-column__content h-column__v-align flex-basis-100 align-self-lg-end align-self-md-end align-self-end\">\n                <!---->\n                <div data-colibri-id=\"495-c65\" class=\"h-global-transition-all h-heading style-1054 style-local-495-c65 position-relative h-element\">\n                  <!---->\n                  <div class=\"h-heading__outer style-1054 style-local-495-c65\">\n                    <!---->\n                    <!---->\n                    <h2 class=\"\">Vous vendez ?<\/h2>\n                  <\/div>\n                <\/div>\n                <div data-colibri-id=\"495-c66\" class=\"h-text h-text-component style-1055 style-local-495-c66 position-relative h-element\">\n                  <!---->\n                  <!---->\n                  <div class=\"\">\n                    <h6>Nous sommes \u00e0 votre \u00e9coute et serions ravis de pouvoir \u00e9changer avec vous.\n                      <br>\n                      <br>Nous sommes \u00e0 votre disposition.<\/h6>\n                    <p>\n                      <br>\n                    <\/p>\n                  <\/div>\n                <\/div>\n                <div data-colibri-id=\"495-c69\" class=\"h-x-container style-1058 style-local-495-c69 position-relative h-element\">\n                  <!---->\n                  <div class=\"h-x-container-inner style-dynamic-495-c69-group style-1058-spacing style-local-495-c69-spacing\"><span class=\"h-button__outer style-1059-outer style-local-495-c70-outer d-inline-flex h-element\"><a h-use-smooth-scroll=\"true\" href=\"http:\/\/tlykyfb.cluster023.hosting.ovh.net\/#contact-2\"  data-colibri-id=\"495-c70\" class=\"d-flex w-100 align-items-center h-button justify-content-lg-center justify-content-md-center justify-content-center style-1059 style-local-495-c70 position-relative\"><!----><!----> <span>Nous contacter<\/span><\/a>\n                    <\/span>\n                  <\/div>\n                <\/div>\n              <\/div>\n            <\/div>\n          <\/div>\n        <\/div>\n      <\/div>\n      <div data-colibri-id=\"495-c67\" class=\"h-row-container gutters-row-lg-2 gutters-row-md-2 gutters-row-0 gutters-row-v-lg-2 gutters-row-v-md-2 gutters-row-v-2 style-1056 style-local-495-c67 position-relative\">\n        <!---->\n        <div class=\"h-row justify-content-lg-center justify-content-md-center justify-content-center align-items-lg-stretch align-items-md-stretch align-items-stretch gutters-col-lg-2 gutters-col-md-2 gutters-col-0 gutters-col-v-lg-2 gutters-col-v-md-2 gutters-col-v-2\">\n          <!---->\n          <div class=\"h-column h-column-container d-flex h-col-lg-auto h-col-md-auto h-col-auto style-1057-outer style-local-495-c68-outer\">\n            <div data-colibri-id=\"495-c68\" class=\"d-flex h-flex-basis h-column__inner h-ui-empty-state-container h-px-lg-2 h-px-md-2 h-px-2 v-inner-lg-2 v-inner-md-2 v-inner-2 style-1057 style-local-495-c68 position-relative\">\n              <!---->\n              <!---->\n              <div class=\"w-100 h-y-container h-column__content h-column__v-align flex-basis-100\">\n                <!---->\n              <\/div>\n            <\/div>\n          <\/div>\n        <\/div>\n      <\/div>\n    <\/div>\n  <\/div>\n<\/div>","protected":false},"excerpt":{"rendered":"<p>Vous vendez ? Nous sommes \u00e0 votre \u00e9coute et serions ravis de pouvoir \u00e9changer avec vous. Nous sommes \u00e0 votre disposition. Nous contacter<\/p>\n","protected":false},"author":1,"featured_media":0,"parent":0,"menu_order":0,"comment_status":"closed","ping_status":"closed","template":"page-templates\/homepage.php","meta":{"spay_email":""},"_links":{"self":[{"href":"http:\/\/tlykyfb.cluster023.hosting.ovh.net\/index.php\/wp-json\/wp\/v2\/pages\/495"}],"collection":[{"href":"http:\/\/tlykyfb.cluster023.hosting.ovh.net\/index.php\/wp-json\/wp\/v2\/pages"}],"about":[{"href":"http:\/\/tlykyfb.cluster023.hosting.ovh.net\/index.php\/wp-json\/wp\/v2\/types\/page"}],"author":[{"embeddable":true,"href":"http:\/\/tlykyfb.cluster023.hosting.ovh.net\/index.php\/wp-json\/wp\/v2\/users\/1"}],"replies":[{"embeddable":true,"href":"http:\/\/tlykyfb.cluster023.hosting.ovh.net\/index.php\/wp-json\/wp\/v2\/comments?post=495"}],"version-history":[{"count":5,"href":"http:\/\/tlykyfb.cluster023.hosting.ovh.net\/index.php\/wp-json\/wp\/v2\/pages\/495\/revisions"}],"predecessor-version":[{"id":601,"href":"http:\/\/tlykyfb.cluster023.hosting.ovh.net\/index.php\/wp-json\/wp\/v2\/pages\/495\/revisions\/601"}],"wp:attachment":[{"href":"http:\/\/tlykyfb.cluster023.hosting.ovh.net\/index.php\/wp-json\/wp\/v2\/media?parent=495"}],"curies":[{"name":"wp","href":"https:\/\/api.w.org\/{rel}","templated":true}]}}